{"id":1322,"date":"2019-12-10T15:15:44","date_gmt":"2019-12-10T15:15:44","guid":{"rendered":"http:\/\/ophtecs-europe.com\/?page_id=1322"},"modified":"2020-04-01T13:41:54","modified_gmt":"2020-04-01T13:41:54","slug":"cleadew","status":"publish","type":"page","link":"https:\/\/ophtecs-europe.com\/index.php\/cleadew\/","title":{"rendered":"Contactlensvloeistoffen"},"content":{"rendered":"\t\t<div data-elementor-type=\"wp-page\" data-elementor-id=\"1322\" class=\"elementor elementor-1322\">\n\t\t\t\t\t\t<section class=\"elementor-section elementor-top-section elementor-element elementor-element-145e132 elementor-section-boxed elementor-section-height-default elementor-section-height-default\" data-id=\"145e132\" data-element_type=\"section\" data-e-type=\"section\">\n\t\t\t\t\t\t<div class=\"elementor-container elementor-column-gap-default\">\n\t\t\t\t\t<div class=\"elementor-column elementor-col-100 elementor-top-column elementor-element elementor-element-5263c28\" data-id=\"5263c28\" data-element_type=\"column\" data-e-type=\"column\">\n\t\t\t<div class=\"elementor-widget-wrap elementor-element-populated\">\n\t\t\t\t\t\t\t<\/div>\n\t\t<\/div>\n\t\t\t\t\t<\/div>\n\t\t<\/section>\n\t\t\t\t<section class=\"elementor-section elementor-top-section elementor-element elementor-element-f488537 elementor-section-boxed elementor-section-height-default elementor-section-height-default\" data-id=\"f488537\" data-element_type=\"section\" data-e-type=\"section\">\n\t\t\t\t\t\t<div class=\"elementor-container elementor-column-gap-default\">\n\t\t\t\t\t<div class=\"elementor-column elementor-col-100 elementor-top-column elementor-element elementor-element-9807edc\" data-id=\"9807edc\" data-element_type=\"column\" data-e-type=\"column\">\n\t\t\t<div class=\"elementor-widget-wrap elementor-element-populated\">\n\t\t\t\t\t\t<div class=\"elementor-element elementor-element-3cdad2a elementor-widget elementor-widget-image\" data-id=\"3cdad2a\" data-element_type=\"widget\" data-e-type=\"widget\" data-widget_type=\"image.default\">\n\t\t\t\t<div class=\"elementor-widget-container\">\n\t\t\t\t\t\t\t\t\t\t\t\t\t\t\t<img fetchpriority=\"high\" decoding=\"async\" width=\"1024\" height=\"274\" src=\"https:\/\/ophtecs-europe.com\/wp-content\/uploads\/2019\/12\/20190808-\u00c5yLogo\u00c5zcleadew-1024x274.jpg\" class=\"attachment-large size-large wp-image-1655\" alt=\"\" srcset=\"https:\/\/ophtecs-europe.com\/wp-content\/uploads\/2019\/12\/20190808-\u00c5yLogo\u00c5zcleadew-1024x274.jpg 1024w, https:\/\/ophtecs-europe.com\/wp-content\/uploads\/2019\/12\/20190808-\u00c5yLogo\u00c5zcleadew-300x80.jpg 300w, https:\/\/ophtecs-europe.com\/wp-content\/uploads\/2019\/12\/20190808-\u00c5yLogo\u00c5zcleadew-768x205.jpg 768w, https:\/\/ophtecs-europe.com\/wp-content\/uploads\/2019\/12\/20190808-\u00c5yLogo\u00c5zcleadew-1536x411.jpg 1536w, https:\/\/ophtecs-europe.com\/wp-content\/uploads\/2019\/12\/20190808-\u00c5yLogo\u00c5zcleadew-2048x548.jpg 2048w\" sizes=\"(max-width: 1024px) 100vw, 1024px\" \/>\t\t\t\t\t\t\t\t\t\t\t\t\t\t\t<\/div>\n\t\t\t\t<\/div>\n\t\t\t\t\t<\/div>\n\t\t<\/div>\n\t\t\t\t\t<\/div>\n\t\t<\/section>\n\t\t\t\t<section class=\"elementor-section elementor-top-section elementor-element elementor-element-47831eb elementor-section-boxed elementor-section-height-default elementor-section-height-default\" data-id=\"47831eb\" data-element_type=\"section\" data-e-type=\"section\">\n\t\t\t\t\t\t<div class=\"elementor-container elementor-column-gap-default\">\n\t\t\t\t\t<div class=\"elementor-column elementor-col-100 elementor-top-column elementor-element elementor-element-c8d93ef\" data-id=\"c8d93ef\" data-element_type=\"column\" data-e-type=\"column\">\n\t\t\t<div class=\"elementor-widget-wrap elementor-element-populated\">\n\t\t\t\t\t\t<div class=\"elementor-element elementor-element-1d58612 elementor-widget elementor-widget-heading\" data-id=\"1d58612\" data-element_type=\"widget\" data-e-type=\"widget\" data-widget_type=\"heading.default\">\n\t\t\t\t<div class=\"elementor-widget-container\">\n\t\t\t\t\t<h3 class=\"elementor-heading-title elementor-size-default\">Unieke verzorgingsproducten  met superieure werking<\/h3>\t\t\t\t<\/div>\n\t\t\t\t<\/div>\n\t\t\t\t\t<\/div>\n\t\t<\/div>\n\t\t\t\t\t<\/div>\n\t\t<\/section>\n\t\t\t\t<section class=\"elementor-section elementor-top-section elementor-element elementor-element-e48771a elementor-section-boxed elementor-section-height-default elementor-section-height-default\" data-id=\"e48771a\" data-element_type=\"section\" data-e-type=\"section\">\n\t\t\t\t\t\t<div class=\"elementor-container elementor-column-gap-default\">\n\t\t\t\t\t<div class=\"elementor-column elementor-col-33 elementor-top-column elementor-element elementor-element-974d369\" data-id=\"974d369\" data-element_type=\"column\" data-e-type=\"column\">\n\t\t\t<div class=\"elementor-widget-wrap elementor-element-populated\">\n\t\t\t\t\t\t<div class=\"elementor-element elementor-element-e0f348a elementor-position-top elementor-widget elementor-widget-image-box\" data-id=\"e0f348a\" data-element_type=\"widget\" data-e-type=\"widget\" data-widget_type=\"image-box.default\">\n\t\t\t\t<div class=\"elementor-widget-container\">\n\t\t\t\t\t<div class=\"elementor-image-box-wrapper\"><figure class=\"elementor-image-box-img\"><a href=\"https:\/\/ophtecs-europe.com\/index.php\/cleadew-soft-2\/\" tabindex=\"-1\"><img decoding=\"async\" width=\"283\" height=\"300\" src=\"https:\/\/ophtecs-europe.com\/wp-content\/uploads\/2019\/12\/20190808-Picture-cleadew-385ML-set-kopie-283x300.jpg\" class=\"attachment-medium size-medium wp-image-1663\" alt=\"\" srcset=\"https:\/\/ophtecs-europe.com\/wp-content\/uploads\/2019\/12\/20190808-Picture-cleadew-385ML-set-kopie-283x300.jpg 283w, https:\/\/ophtecs-europe.com\/wp-content\/uploads\/2019\/12\/20190808-Picture-cleadew-385ML-set-kopie-967x1024.jpg 967w, https:\/\/ophtecs-europe.com\/wp-content\/uploads\/2019\/12\/20190808-Picture-cleadew-385ML-set-kopie-768x813.jpg 768w, https:\/\/ophtecs-europe.com\/wp-content\/uploads\/2019\/12\/20190808-Picture-cleadew-385ML-set-kopie-1451x1536.jpg 1451w, https:\/\/ophtecs-europe.com\/wp-content\/uploads\/2019\/12\/20190808-Picture-cleadew-385ML-set-kopie-1934x2048.jpg 1934w\" sizes=\"(max-width: 283px) 100vw, 283px\" \/><\/a><\/figure><div class=\"elementor-image-box-content\"><h3 class=\"elementor-image-box-title\"><a href=\"https:\/\/ophtecs-europe.com\/index.php\/cleadew-soft-2\/\">cleadew Soft<\/a><\/h3><p class=\"elementor-image-box-description\">.<\/p><\/div><\/div>\t\t\t\t<\/div>\n\t\t\t\t<\/div>\n\t\t\t\t\t<\/div>\n\t\t<\/div>\n\t\t\t\t<div class=\"elementor-column elementor-col-33 elementor-top-column elementor-element elementor-element-5d4b605\" data-id=\"5d4b605\" data-element_type=\"column\" data-e-type=\"column\">\n\t\t\t<div class=\"elementor-widget-wrap elementor-element-populated\">\n\t\t\t\t\t\t<div class=\"elementor-element elementor-element-5e6bdbd elementor-position-top elementor-widget elementor-widget-image-box\" data-id=\"5e6bdbd\" data-element_type=\"widget\" data-e-type=\"widget\" data-widget_type=\"image-box.default\">\n\t\t\t\t<div class=\"elementor-widget-container\">\n\t\t\t\t\t<div class=\"elementor-image-box-wrapper\"><figure class=\"elementor-image-box-img\"><a href=\"https:\/\/ophtecs-europe.com\/index.php\/cleadew-gp\/\" tabindex=\"-1\"><img decoding=\"async\" width=\"284\" height=\"300\" src=\"https:\/\/ophtecs-europe.com\/wp-content\/uploads\/2019\/12\/20190808-Picture-cleadew-GP-120ML-set-1-284x300.jpg\" class=\"attachment-medium size-medium wp-image-1657\" alt=\"\" srcset=\"https:\/\/ophtecs-europe.com\/wp-content\/uploads\/2019\/12\/20190808-Picture-cleadew-GP-120ML-set-1-284x300.jpg 284w, https:\/\/ophtecs-europe.com\/wp-content\/uploads\/2019\/12\/20190808-Picture-cleadew-GP-120ML-set-1-968x1024.jpg 968w, https:\/\/ophtecs-europe.com\/wp-content\/uploads\/2019\/12\/20190808-Picture-cleadew-GP-120ML-set-1-768x812.jpg 768w, https:\/\/ophtecs-europe.com\/wp-content\/uploads\/2019\/12\/20190808-Picture-cleadew-GP-120ML-set-1-1452x1536.jpg 1452w, https:\/\/ophtecs-europe.com\/wp-content\/uploads\/2019\/12\/20190808-Picture-cleadew-GP-120ML-set-1-1936x2048.jpg 1936w\" sizes=\"(max-width: 284px) 100vw, 284px\" \/><\/a><\/figure><div class=\"elementor-image-box-content\"><h1 class=\"elementor-image-box-title\"><a href=\"https:\/\/ophtecs-europe.com\/index.php\/cleadew-gp\/\">cleadew GP<\/a><\/h1><\/div><\/div>\t\t\t\t<\/div>\n\t\t\t\t<\/div>\n\t\t\t\t\t<\/div>\n\t\t<\/div>\n\t\t\t\t<div class=\"elementor-column elementor-col-33 elementor-top-column elementor-element elementor-element-4faa9f0\" data-id=\"4faa9f0\" data-element_type=\"column\" data-e-type=\"column\">\n\t\t\t<div class=\"elementor-widget-wrap elementor-element-populated\">\n\t\t\t\t\t\t<div class=\"elementor-element elementor-element-640a97c elementor-position-top elementor-widget elementor-widget-image-box\" data-id=\"640a97c\" data-element_type=\"widget\" data-e-type=\"widget\" data-widget_type=\"image-box.default\">\n\t\t\t\t<div class=\"elementor-widget-container\">\n\t\t\t\t\t<div class=\"elementor-image-box-wrapper\"><figure class=\"elementor-image-box-img\"><a href=\"https:\/\/ophtecs-europe.com\/index.php\/cleadew-mps-2\/\" tabindex=\"-1\"><img loading=\"lazy\" decoding=\"async\" width=\"235\" height=\"300\" src=\"https:\/\/ophtecs-europe.com\/wp-content\/uploads\/2020\/03\/20190808-Picture-cleadew-MPS-360ML-copy-set-1-235x300.png\" class=\"attachment-medium size-medium wp-image-2836\" alt=\"\" srcset=\"https:\/\/ophtecs-europe.com\/wp-content\/uploads\/2020\/03\/20190808-Picture-cleadew-MPS-360ML-copy-set-1-235x300.png 235w, https:\/\/ophtecs-europe.com\/wp-content\/uploads\/2020\/03\/20190808-Picture-cleadew-MPS-360ML-copy-set-1-803x1024.png 803w, https:\/\/ophtecs-europe.com\/wp-content\/uploads\/2020\/03\/20190808-Picture-cleadew-MPS-360ML-copy-set-1-768x980.png 768w, https:\/\/ophtecs-europe.com\/wp-content\/uploads\/2020\/03\/20190808-Picture-cleadew-MPS-360ML-copy-set-1-1204x1536.png 1204w, https:\/\/ophtecs-europe.com\/wp-content\/uploads\/2020\/03\/20190808-Picture-cleadew-MPS-360ML-copy-set-1-1605x2048.png 1605w\" sizes=\"(max-width: 235px) 100vw, 235px\" \/><\/a><\/figure><div class=\"elementor-image-box-content\"><h1 class=\"elementor-image-box-title\"><a href=\"https:\/\/ophtecs-europe.com\/index.php\/cleadew-mps-2\/\">cleadew MPS<\/a><\/h1><\/div><\/div>\t\t\t\t<\/div>\n\t\t\t\t<\/div>\n\t\t\t\t\t<\/div>\n\t\t<\/div>\n\t\t\t\t\t<\/div>\n\t\t<\/section>\n\t\t\t\t<section class=\"elementor-section elementor-top-section elementor-element elementor-element-982eca0 elementor-section-boxed elementor-section-height-default elementor-section-height-default\" data-id=\"982eca0\" data-element_type=\"section\" data-e-type=\"section\">\n\t\t\t\t\t\t<div class=\"elementor-container elementor-column-gap-default\">\n\t\t\t\t\t<div class=\"elementor-column elementor-col-50 elementor-top-column elementor-element elementor-element-9a1f4c2\" data-id=\"9a1f4c2\" data-element_type=\"column\" data-e-type=\"column\">\n\t\t\t<div class=\"elementor-widget-wrap elementor-element-populated\">\n\t\t\t\t\t\t<div class=\"elementor-element elementor-element-5a4ef28 elementor-position-top elementor-widget elementor-widget-image-box\" data-id=\"5a4ef28\" data-element_type=\"widget\" data-e-type=\"widget\" data-widget_type=\"image-box.default\">\n\t\t\t\t<div class=\"elementor-widget-container\">\n\t\t\t\t\t<div class=\"elementor-image-box-wrapper\"><figure class=\"elementor-image-box-img\"><a href=\"https:\/\/ophtecs-europe.com\/index.php\/cleadew-sl-2\/\" tabindex=\"-1\"><img loading=\"lazy\" decoding=\"async\" width=\"240\" height=\"300\" src=\"https:\/\/ophtecs-europe.com\/wp-content\/uploads\/2019\/12\/20190808-Picture-cleadew-SL-400ML-set-240x300.jpg\" class=\"attachment-medium size-medium wp-image-1656\" alt=\"\" srcset=\"https:\/\/ophtecs-europe.com\/wp-content\/uploads\/2019\/12\/20190808-Picture-cleadew-SL-400ML-set-240x300.jpg 240w, https:\/\/ophtecs-europe.com\/wp-content\/uploads\/2019\/12\/20190808-Picture-cleadew-SL-400ML-set-819x1024.jpg 819w, https:\/\/ophtecs-europe.com\/wp-content\/uploads\/2019\/12\/20190808-Picture-cleadew-SL-400ML-set-768x960.jpg 768w, https:\/\/ophtecs-europe.com\/wp-content\/uploads\/2019\/12\/20190808-Picture-cleadew-SL-400ML-set-1229x1536.jpg 1229w, https:\/\/ophtecs-europe.com\/wp-content\/uploads\/2019\/12\/20190808-Picture-cleadew-SL-400ML-set-1638x2048.jpg 1638w, https:\/\/ophtecs-europe.com\/wp-content\/uploads\/2019\/12\/20190808-Picture-cleadew-SL-400ML-set-scaled.jpg 2048w\" sizes=\"(max-width: 240px) 100vw, 240px\" \/><\/a><\/figure><div class=\"elementor-image-box-content\"><h1 class=\"elementor-image-box-title\"><a href=\"https:\/\/ophtecs-europe.com\/index.php\/cleadew-sl-2\/\">cleadew SL<\/a><\/h1><\/div><\/div>\t\t\t\t<\/div>\n\t\t\t\t<\/div>\n\t\t\t\t\t<\/div>\n\t\t<\/div>\n\t\t\t\t<div class=\"elementor-column elementor-col-50 elementor-top-column elementor-element elementor-element-85e02f0\" data-id=\"85e02f0\" data-element_type=\"column\" data-e-type=\"column\">\n\t\t\t<div class=\"elementor-widget-wrap elementor-element-populated\">\n\t\t\t\t\t\t<div class=\"elementor-element elementor-element-3f47e4b elementor-position-top elementor-widget elementor-widget-image-box\" data-id=\"3f47e4b\" data-element_type=\"widget\" data-e-type=\"widget\" data-widget_type=\"image-box.default\">\n\t\t\t\t<div class=\"elementor-widget-container\">\n\t\t\t\t\t<div class=\"elementor-image-box-wrapper\"><figure class=\"elementor-image-box-img\"><a href=\"https:\/\/ophtecs-europe.com\/index.php\/cleadew-sli\/\" tabindex=\"-1\"><img loading=\"lazy\" decoding=\"async\" width=\"300\" height=\"300\" src=\"https:\/\/ophtecs-europe.com\/wp-content\/uploads\/2019\/12\/20190822-75220cleadew-SLi-8mL\u00c540-\u00e6\u00d8\u0192-300x300.jpg\" class=\"attachment-medium size-medium wp-image-1660\" alt=\"\" srcset=\"https:\/\/ophtecs-europe.com\/wp-content\/uploads\/2019\/12\/20190822-75220cleadew-SLi-8mL\u00c540-\u00e6\u00d8\u0192-300x300.jpg 300w, https:\/\/ophtecs-europe.com\/wp-content\/uploads\/2019\/12\/20190822-75220cleadew-SLi-8mL\u00c540-\u00e6\u00d8\u0192-1024x1024.jpg 1024w, https:\/\/ophtecs-europe.com\/wp-content\/uploads\/2019\/12\/20190822-75220cleadew-SLi-8mL\u00c540-\u00e6\u00d8\u0192-150x150.jpg 150w, https:\/\/ophtecs-europe.com\/wp-content\/uploads\/2019\/12\/20190822-75220cleadew-SLi-8mL\u00c540-\u00e6\u00d8\u0192-768x768.jpg 768w, https:\/\/ophtecs-europe.com\/wp-content\/uploads\/2019\/12\/20190822-75220cleadew-SLi-8mL\u00c540-\u00e6\u00d8\u0192-1536x1536.jpg 1536w, https:\/\/ophtecs-europe.com\/wp-content\/uploads\/2019\/12\/20190822-75220cleadew-SLi-8mL\u00c540-\u00e6\u00d8\u0192-2048x2048.jpg 2048w\" sizes=\"(max-width: 300px) 100vw, 300px\" \/><\/a><\/figure><div class=\"elementor-image-box-content\"><h1 class=\"elementor-image-box-title\"><a href=\"https:\/\/ophtecs-europe.com\/index.php\/cleadew-sli\/\">cleadew SLi<\/a><\/h1><\/div><\/div>\t\t\t\t<\/div>\n\t\t\t\t<\/div>\n\t\t\t\t\t<\/div>\n\t\t<\/div>\n\t\t\t\t\t<\/div>\n\t\t<\/section>\n\t\t\t\t<section class=\"elementor-section elementor-top-section elementor-element elementor-element-0a44273 elementor-section-boxed elementor-section-height-default elementor-section-height-default\" data-id=\"0a44273\" data-element_type=\"section\" data-e-type=\"section\">\n\t\t\t\t\t\t<div class=\"elementor-container elementor-column-gap-default\">\n\t\t\t\t\t<div class=\"elementor-column elementor-col-100 elementor-top-column elementor-element elementor-element-8dac983\" data-id=\"8dac983\" data-element_type=\"column\" data-e-type=\"column\">\n\t\t\t<div class=\"elementor-widget-wrap elementor-element-populated\">\n\t\t\t\t\t\t<div class=\"elementor-element elementor-element-a42cbe4 elementor-widget elementor-widget-spacer\" data-id=\"a42cbe4\" data-element_type=\"widget\" data-e-type=\"widget\" data-widget_type=\"spacer.default\">\n\t\t\t\t<div class=\"elementor-widget-container\">\n\t\t\t\t\t\t\t<div class=\"elementor-spacer\">\n\t\t\t<div class=\"elementor-spacer-inner\"><\/div>\n\t\t<\/div>\n\t\t\t\t\t\t<\/div>\n\t\t\t\t<\/div>\n\t\t\t\t\t<\/div>\n\t\t<\/div>\n\t\t\t\t\t<\/div>\n\t\t<\/section>\n\t\t\t\t<\/div>\n\t\t","protected":false},"excerpt":{"rendered":"<p>Unieke verzorgingsproducten met superieure werking cleadew Soft . cleadew GP cleadew MPS cleadew SL cleadew SLi<\/p>\n","protected":false},"author":8,"featured_media":0,"parent":0,"menu_order":0,"comment_status":"closed","ping_status":"closed","template":"page-templates\/template-pagebuilder-full-width.php","meta":{"neve_meta_sidebar":"full-width","neve_meta_container":"default","neve_meta_enable_content_width":"on","neve_meta_content_width":100,"neve_meta_title_alignment":"","neve_meta_author_avatar":"","neve_post_elements_order":"","neve_meta_disable_header":"off","neve_meta_disable_footer":"off","neve_meta_disable_title":"on","footnotes":""},"class_list":["post-1322","page","type-page","status-publish","hentry"],"_links":{"self":[{"href":"https:\/\/ophtecs-europe.com\/index.php\/wp-json\/wp\/v2\/pages\/1322","targetHints":{"allow":["GET"]}}],"collection":[{"href":"https:\/\/ophtecs-europe.com\/index.php\/wp-json\/wp\/v2\/pages"}],"about":[{"href":"https:\/\/ophtecs-europe.com\/index.php\/wp-json\/wp\/v2\/types\/page"}],"author":[{"embeddable":true,"href":"https:\/\/ophtecs-europe.com\/index.php\/wp-json\/wp\/v2\/users\/8"}],"replies":[{"embeddable":true,"href":"https:\/\/ophtecs-europe.com\/index.php\/wp-json\/wp\/v2\/comments?post=1322"}],"version-history":[{"count":22,"href":"https:\/\/ophtecs-europe.com\/index.php\/wp-json\/wp\/v2\/pages\/1322\/revisions"}],"predecessor-version":[{"id":2916,"href":"https:\/\/ophtecs-europe.com\/index.php\/wp-json\/wp\/v2\/pages\/1322\/revisions\/2916"}],"wp:attachment":[{"href":"https:\/\/ophtecs-europe.com\/index.php\/wp-json\/wp\/v2\/media?parent=1322"}],"curies":[{"name":"wp","href":"https:\/\/api.w.org\/{rel}","templated":true}]}}