{"id":2329,"date":"2020-01-17T15:20:09","date_gmt":"2020-01-17T15:20:09","guid":{"rendered":"http:\/\/ophtecs-europe.com\/?page_id=2329"},"modified":"2020-06-10T08:28:25","modified_gmt":"2020-06-10T08:28:25","slug":"cleadew-sli-2","status":"publish","type":"page","link":"https:\/\/ophtecs-europe.com\/index.php\/en\/cleadew-sli-2\/","title":{"rendered":"cleadew SLi"},"content":{"rendered":"\t\t<div data-elementor-type=\"wp-page\" data-elementor-id=\"2329\" class=\"elementor elementor-2329\">\n\t\t\t\t\t\t<section class=\"elementor-section elementor-top-section elementor-element elementor-element-e87e79c elementor-section-boxed elementor-section-height-default elementor-section-height-default\" data-id=\"e87e79c\" data-element_type=\"section\" data-e-type=\"section\">\n\t\t\t\t\t\t<div class=\"elementor-container elementor-column-gap-default\">\n\t\t\t\t\t<div class=\"elementor-column elementor-col-100 elementor-top-column elementor-element elementor-element-8c49f71\" data-id=\"8c49f71\" data-element_type=\"column\" data-e-type=\"column\">\n\t\t\t<div class=\"elementor-widget-wrap elementor-element-populated\">\n\t\t\t\t\t\t<div class=\"elementor-element elementor-element-97e831e elementor-widget elementor-widget-spacer\" data-id=\"97e831e\" data-element_type=\"widget\" data-e-type=\"widget\" data-widget_type=\"spacer.default\">\n\t\t\t\t<div class=\"elementor-widget-container\">\n\t\t\t\t\t\t\t<div class=\"elementor-spacer\">\n\t\t\t<div class=\"elementor-spacer-inner\"><\/div>\n\t\t<\/div>\n\t\t\t\t\t\t<\/div>\n\t\t\t\t<\/div>\n\t\t\t\t\t<\/div>\n\t\t<\/div>\n\t\t\t\t\t<\/div>\n\t\t<\/section>\n\t\t\t\t<section class=\"elementor-section elementor-top-section elementor-element elementor-element-6a193b2 elementor-section-boxed elementor-section-height-default elementor-section-height-default\" data-id=\"6a193b2\" data-element_type=\"section\" data-e-type=\"section\">\n\t\t\t\t\t\t<div class=\"elementor-container elementor-column-gap-default\">\n\t\t\t\t\t<div class=\"elementor-column elementor-col-50 elementor-top-column elementor-element elementor-element-2238163\" data-id=\"2238163\" data-element_type=\"column\" data-e-type=\"column\">\n\t\t\t<div class=\"elementor-widget-wrap elementor-element-populated\">\n\t\t\t\t\t\t<div class=\"elementor-element elementor-element-935b4c5 elementor-widget elementor-widget-text-editor\" data-id=\"935b4c5\" data-element_type=\"widget\" data-e-type=\"widget\" data-widget_type=\"text-editor.default\">\n\t\t\t\t<div class=\"elementor-widget-container\">\n\t\t\t\t\t\t\t\t\t<p><span style=\"color: #ea7600;\"><span style=\"color: #000000;\">\u00bb<\/span> <span style=\"color: #8cb82c;\">Unique rinsing and insertion solution\u00a0 \u00a0 \u00a0 \u00a0 \u00a0 \u00a0 \u00a0 for scleral lenses<\/span><\/span><\/p><p><span style=\"color: #000000;\">\u00bb<\/span> <span style=\"color: #8cb82c;\">With sodium hyaluronate<span style=\"color: #ea7600;\">\u00a0 \u00a0 \u00a0 \u00a0 \u00a0 \u00a0 \u00a0 \u00a0 \u00a0 \u00a0 \u00a0 \u00a0 \u00a0 \u00a0 \u00a0 \u00a0 \u00a0 <\/span>and h<\/span><span style=\"color: #8cb82c;\">ypromellose<\/span><\/p>\t\t\t\t\t\t\t\t<\/div>\n\t\t\t\t<\/div>\n\t\t\t\t\t<\/div>\n\t\t<\/div>\n\t\t\t\t<div class=\"elementor-column elementor-col-50 elementor-top-column elementor-element elementor-element-5670e55\" data-id=\"5670e55\" data-element_type=\"column\" data-e-type=\"column\">\n\t\t\t<div class=\"elementor-widget-wrap elementor-element-populated\">\n\t\t\t\t\t\t<div class=\"elementor-element elementor-element-364e67a elementor-widget elementor-widget-image\" data-id=\"364e67a\" data-element_type=\"widget\" data-e-type=\"widget\" data-widget_type=\"image.default\">\n\t\t\t\t<div class=\"elementor-widget-container\">\n\t\t\t\t\t\t\t\t\t\t\t\t\t\t\t<img fetchpriority=\"high\" decoding=\"async\" width=\"768\" height=\"548\" src=\"https:\/\/ophtecs-europe.com\/wp-content\/uploads\/2019\/12\/SLi-kopie-768x548.jpg\" class=\"attachment-medium_large size-medium_large wp-image-1713\" alt=\"\" srcset=\"https:\/\/ophtecs-europe.com\/wp-content\/uploads\/2019\/12\/SLi-kopie-768x548.jpg 768w, https:\/\/ophtecs-europe.com\/wp-content\/uploads\/2019\/12\/SLi-kopie-300x214.jpg 300w, https:\/\/ophtecs-europe.com\/wp-content\/uploads\/2019\/12\/SLi-kopie-1024x731.jpg 1024w, https:\/\/ophtecs-europe.com\/wp-content\/uploads\/2019\/12\/SLi-kopie-1536x1097.jpg 1536w, https:\/\/ophtecs-europe.com\/wp-content\/uploads\/2019\/12\/SLi-kopie-2048x1462.jpg 2048w\" sizes=\"(max-width: 768px) 100vw, 768px\" \/>\t\t\t\t\t\t\t\t\t\t\t\t\t\t\t<\/div>\n\t\t\t\t<\/div>\n\t\t\t\t\t<\/div>\n\t\t<\/div>\n\t\t\t\t\t<\/div>\n\t\t<\/section>\n\t\t\t\t<section class=\"elementor-section elementor-top-section elementor-element elementor-element-0795c0d elementor-section-boxed elementor-section-height-default elementor-section-height-default\" data-id=\"0795c0d\" data-element_type=\"section\" data-e-type=\"section\">\n\t\t\t\t\t\t<div class=\"elementor-container elementor-column-gap-default\">\n\t\t\t\t\t<div class=\"elementor-column elementor-col-100 elementor-top-column elementor-element elementor-element-2b5cd30\" data-id=\"2b5cd30\" data-element_type=\"column\" data-e-type=\"column\">\n\t\t\t<div class=\"elementor-widget-wrap elementor-element-populated\">\n\t\t\t\t\t\t<div class=\"elementor-element elementor-element-8813dff elementor-widget elementor-widget-text-editor\" data-id=\"8813dff\" data-element_type=\"widget\" data-e-type=\"widget\" data-widget_type=\"text-editor.default\">\n\t\t\t\t<div class=\"elementor-widget-container\">\n\t\t\t\t\t\t\t\t\t<p style=\"text-align: center;\">cleadew SLi is unique. It is the first solution with additives specially developed for rinsing and inserting scleral lenses. The added sodium hyaluronate improves wearing comfort and wearing time. Because of the hypromellose, the scleral lens is easier to insert with a reduced risk of air bubbles.<\/p>\t\t\t\t\t\t\t\t<\/div>\n\t\t\t\t<\/div>\n\t\t\t\t\t<\/div>\n\t\t<\/div>\n\t\t\t\t\t<\/div>\n\t\t<\/section>\n\t\t\t\t<section class=\"elementor-section elementor-top-section elementor-element elementor-element-7840124 elementor-section-boxed elementor-section-height-default elementor-section-height-default\" data-id=\"7840124\" data-element_type=\"section\" data-e-type=\"section\">\n\t\t\t\t\t\t<div class=\"elementor-container elementor-column-gap-default\">\n\t\t\t\t\t<div class=\"elementor-column elementor-col-11 elementor-top-column elementor-element elementor-element-4096d90\" data-id=\"4096d90\" data-element_type=\"column\" data-e-type=\"column\">\n\t\t\t<div class=\"elementor-widget-wrap\">\n\t\t\t\t\t\t\t<\/div>\n\t\t<\/div>\n\t\t\t\t<div class=\"elementor-column elementor-col-11 elementor-top-column elementor-element elementor-element-b726db1\" data-id=\"b726db1\" data-element_type=\"column\" data-e-type=\"column\">\n\t\t\t<div class=\"elementor-widget-wrap elementor-element-populated\">\n\t\t\t\t\t\t<div class=\"elementor-element elementor-element-6776e52 elementor-fixed elementor-hidden-tablet elementor-hidden-phone elementor-widget__width-initial elementor-invisible elementor-widget elementor-widget-image\" data-id=\"6776e52\" data-element_type=\"widget\" data-e-type=\"widget\" data-settings=\"{&quot;_position&quot;:&quot;fixed&quot;,&quot;_animation&quot;:&quot;zoomIn&quot;,&quot;_animation_delay&quot;:300}\" data-widget_type=\"image.default\">\n\t\t\t\t<div class=\"elementor-widget-container\">\n\t\t\t\t\t\t\t\t\t\t\t\t\t\t\t\t<a href=\"https:\/\/ophtecs-europe.com\/index.php\/en\/cleadew-gp-3\/\">\n\t\t\t\t\t\t\t<img decoding=\"async\" src=\"https:\/\/ophtecs-europe.com\/wp-content\/uploads\/elementor\/thumbs\/20200106-\u00c5y\u00c9\u00e7\u00c9S\u00c5zcleadew-GP-om35eobf0256gh7hchmy7llzfdp9231609bsypbogg.png\" title=\"20200106 \u00c5y\u00c9\u00e7\u00c9S\u00c5zcleadew GP\" alt=\"20200106 \u00c5y\u00c9\u00e7\u00c9S\u00c5zcleadew GP\" class=\"elementor-animation-grow\" loading=\"lazy\" \/>\t\t\t\t\t\t\t\t<\/a>\n\t\t\t\t\t\t\t\t\t\t\t\t\t\t\t<\/div>\n\t\t\t\t<\/div>\n\t\t\t\t\t<\/div>\n\t\t<\/div>\n\t\t\t\t<div class=\"elementor-column elementor-col-11 elementor-top-column elementor-element elementor-element-07e299a\" data-id=\"07e299a\" data-element_type=\"column\" data-e-type=\"column\">\n\t\t\t<div class=\"elementor-widget-wrap elementor-element-populated\">\n\t\t\t\t\t\t<div class=\"elementor-element elementor-element-8c527dd elementor-fixed elementor-hidden-tablet elementor-hidden-phone elementor-widget__width-initial elementor-invisible elementor-widget elementor-widget-image\" data-id=\"8c527dd\" data-element_type=\"widget\" data-e-type=\"widget\" data-settings=\"{&quot;_position&quot;:&quot;fixed&quot;,&quot;_animation&quot;:&quot;zoomIn&quot;,&quot;_animation_delay&quot;:600}\" data-widget_type=\"image.default\">\n\t\t\t\t<div class=\"elementor-widget-container\">\n\t\t\t\t\t\t\t\t\t\t\t\t\t\t\t\t<a href=\"https:\/\/ophtecs-europe.com\/index.php\/en\/cleadew-soft-3\/\">\n\t\t\t\t\t\t\t<img decoding=\"async\" src=\"https:\/\/ophtecs-europe.com\/wp-content\/uploads\/elementor\/thumbs\/20200106-\u00c5y\u00c9\u00e7\u00c9S\u00c5zcleadew-om35dxzxop55fe9pm69e9s92slaz2k4okn27iyepao.png\" title=\"20200106 \u00c5y\u00c9\u00e7\u00c9S\u00c5zcleadew\" alt=\"20200106 \u00c5y\u00c9\u00e7\u00c9S\u00c5zcleadew\" class=\"elementor-animation-grow\" loading=\"lazy\" \/>\t\t\t\t\t\t\t\t<\/a>\n\t\t\t\t\t\t\t\t\t\t\t\t\t\t\t<\/div>\n\t\t\t\t<\/div>\n\t\t\t\t\t<\/div>\n\t\t<\/div>\n\t\t\t\t<div class=\"elementor-column elementor-col-11 elementor-top-column elementor-element elementor-element-7b6833e\" data-id=\"7b6833e\" data-element_type=\"column\" data-e-type=\"column\">\n\t\t\t<div class=\"elementor-widget-wrap elementor-element-populated\">\n\t\t\t\t\t\t<div class=\"elementor-element elementor-element-d33e7e4 elementor-fixed elementor-hidden-tablet elementor-hidden-phone elementor-widget__width-initial elementor-invisible elementor-widget elementor-widget-image\" data-id=\"d33e7e4\" data-element_type=\"widget\" data-e-type=\"widget\" data-settings=\"{&quot;_position&quot;:&quot;fixed&quot;,&quot;_animation&quot;:&quot;zoomIn&quot;}\" data-widget_type=\"image.default\">\n\t\t\t\t<div class=\"elementor-widget-container\">\n\t\t\t\t\t\t\t\t\t\t\t\t\t\t\t\t<a href=\"https:\/\/ophtecs-europe.com\/index.php\/en\/cleadew-sli-2\/\">\n\t\t\t\t\t\t\t<img decoding=\"async\" src=\"https:\/\/ophtecs-europe.com\/wp-content\/uploads\/elementor\/thumbs\/20200106-\u00c5y\u00c9\u00e7\u00c9S\u00c5zcleadew-SLi-om35dtaqqiyptcgjdm89fbfrtny502m0vzss4klo5s.png\" title=\"20200106 \u00c5y\u00c9\u00e7\u00c9S\u00c5zcleadew SLi\" alt=\"20200106 \u00c5y\u00c9\u00e7\u00c9S\u00c5zcleadew SLi\" class=\"elementor-animation-grow\" loading=\"lazy\" \/>\t\t\t\t\t\t\t\t<\/a>\n\t\t\t\t\t\t\t\t\t\t\t\t\t\t\t<\/div>\n\t\t\t\t<\/div>\n\t\t\t\t\t<\/div>\n\t\t<\/div>\n\t\t\t\t<div class=\"elementor-column elementor-col-11 elementor-top-column elementor-element elementor-element-9741e27\" data-id=\"9741e27\" data-element_type=\"column\" data-e-type=\"column\">\n\t\t\t<div class=\"elementor-widget-wrap elementor-element-populated\">\n\t\t\t\t\t\t<div class=\"elementor-element elementor-element-ed58b95 elementor-fixed elementor-hidden-tablet elementor-hidden-phone elementor-widget__width-initial elementor-invisible elementor-widget elementor-widget-image\" data-id=\"ed58b95\" data-element_type=\"widget\" data-e-type=\"widget\" data-settings=\"{&quot;_position&quot;:&quot;fixed&quot;,&quot;_animation&quot;:&quot;zoomIn&quot;,&quot;_animation_delay&quot;:900}\" data-widget_type=\"image.default\">\n\t\t\t\t<div class=\"elementor-widget-container\">\n\t\t\t\t\t\t\t\t\t\t\t\t\t\t\t\t<a href=\"https:\/\/ophtecs-europe.com\/index.php\/en\/elementor-2315\/\">\n\t\t\t\t\t\t\t<img decoding=\"async\" src=\"https:\/\/ophtecs-europe.com\/wp-content\/uploads\/elementor\/thumbs\/20200106-\u00c5y\u00c9\u00e7\u00c9S\u00c5zcleadew-MPS-om35dx23hv3v3sb2rnurpahm77fluv0y8ieq1og3gw.png\" title=\"20200106 \u00c5y\u00c9\u00e7\u00c9S\u00c5zcleadew MPS\" alt=\"20200106 \u00c5y\u00c9\u00e7\u00c9S\u00c5zcleadew MPS\" class=\"elementor-animation-grow\" loading=\"lazy\" \/>\t\t\t\t\t\t\t\t<\/a>\n\t\t\t\t\t\t\t\t\t\t\t\t\t\t\t<\/div>\n\t\t\t\t<\/div>\n\t\t\t\t\t<\/div>\n\t\t<\/div>\n\t\t\t\t<div class=\"elementor-column elementor-col-11 elementor-top-column elementor-element elementor-element-c97d0b6\" data-id=\"c97d0b6\" data-element_type=\"column\" data-e-type=\"column\">\n\t\t\t<div class=\"elementor-widget-wrap elementor-element-populated\">\n\t\t\t\t\t\t<div class=\"elementor-element elementor-element-18eb6e7 elementor-fixed elementor-hidden-tablet elementor-hidden-phone elementor-widget__width-initial elementor-invisible elementor-widget elementor-widget-image\" data-id=\"18eb6e7\" data-element_type=\"widget\" data-e-type=\"widget\" data-settings=\"{&quot;_position&quot;:&quot;fixed&quot;,&quot;_animation&quot;:&quot;zoomIn&quot;,&quot;_animation_delay&quot;:1200}\" data-widget_type=\"image.default\">\n\t\t\t\t<div class=\"elementor-widget-container\">\n\t\t\t\t\t\t\t\t\t\t\t\t\t\t\t\t<a href=\"https:\/\/ophtecs-europe.com\/index.php\/en\/cleadew-sl\/\">\n\t\t\t\t\t\t\t<img decoding=\"async\" src=\"https:\/\/ophtecs-europe.com\/wp-content\/uploads\/elementor\/thumbs\/20200106-\u00c5y\u00c9\u00e7\u00c9S\u00c5zcleadew-SL-om35dx23hv3v3sb2rnurpahm77fluv0y8ieq1og3gw.png\" title=\"20200106 \u00c5y\u00c9\u00e7\u00c9S\u00c5zcleadew SL\" alt=\"20200106 \u00c5y\u00c9\u00e7\u00c9S\u00c5zcleadew SL\" class=\"elementor-animation-grow\" loading=\"lazy\" \/>\t\t\t\t\t\t\t\t<\/a>\n\t\t\t\t\t\t\t\t\t\t\t\t\t\t\t<\/div>\n\t\t\t\t<\/div>\n\t\t\t\t\t<\/div>\n\t\t<\/div>\n\t\t\t\t<div class=\"elementor-column elementor-col-11 elementor-top-column elementor-element elementor-element-1a79f79\" data-id=\"1a79f79\" data-element_type=\"column\" data-e-type=\"column\">\n\t\t\t<div class=\"elementor-widget-wrap\">\n\t\t\t\t\t\t\t<\/div>\n\t\t<\/div>\n\t\t\t\t<div class=\"elementor-column elementor-col-11 elementor-top-column elementor-element elementor-element-0d3eba1\" data-id=\"0d3eba1\" data-element_type=\"column\" data-e-type=\"column\">\n\t\t\t<div class=\"elementor-widget-wrap\">\n\t\t\t\t\t\t\t<\/div>\n\t\t<\/div>\n\t\t\t\t<div class=\"elementor-column elementor-col-11 elementor-top-column elementor-element elementor-element-d259438\" data-id=\"d259438\" data-element_type=\"column\" data-e-type=\"column\">\n\t\t\t<div class=\"elementor-widget-wrap\">\n\t\t\t\t\t\t\t<\/div>\n\t\t<\/div>\n\t\t\t\t\t<\/div>\n\t\t<\/section>\n\t\t\t\t<section class=\"elementor-section elementor-top-section elementor-element elementor-element-3be5afd elementor-section-boxed elementor-section-height-default elementor-section-height-default\" data-id=\"3be5afd\" data-element_type=\"section\" data-e-type=\"section\">\n\t\t\t\t\t\t<div class=\"elementor-container elementor-column-gap-default\">\n\t\t\t\t\t<div class=\"elementor-column elementor-col-100 elementor-top-column elementor-element elementor-element-90fe0c3\" data-id=\"90fe0c3\" data-element_type=\"column\" data-e-type=\"column\">\n\t\t\t<div class=\"elementor-widget-wrap elementor-element-populated\">\n\t\t\t\t\t\t<div class=\"elementor-element elementor-element-4479d1d elementor-widget elementor-widget-spacer\" data-id=\"4479d1d\" data-element_type=\"widget\" data-e-type=\"widget\" data-widget_type=\"spacer.default\">\n\t\t\t\t<div class=\"elementor-widget-container\">\n\t\t\t\t\t\t\t<div class=\"elementor-spacer\">\n\t\t\t<div class=\"elementor-spacer-inner\"><\/div>\n\t\t<\/div>\n\t\t\t\t\t\t<\/div>\n\t\t\t\t<\/div>\n\t\t\t\t\t<\/div>\n\t\t<\/div>\n\t\t\t\t\t<\/div>\n\t\t<\/section>\n\t\t\t\t<\/div>\n\t\t","protected":false},"excerpt":{"rendered":"<p>\u00bb Unique rinsing and insertion solution\u00a0 \u00a0 \u00a0 \u00a0 \u00a0 \u00a0 \u00a0 for scleral lenses \u00bb With sodium hyaluronate\u00a0 \u00a0 \u00a0 \u00a0 \u00a0 \u00a0 \u00a0 \u00a0 \u00a0 \u00a0 \u00a0 \u00a0 \u00a0 \u00a0 \u00a0 \u00a0 \u00a0 and hypromellose cleadew SLi is unique. It is the first solution with additives specially developed for rinsing and inserting scleral&hellip;&nbsp;<a href=\"https:\/\/ophtecs-europe.com\/index.php\/en\/cleadew-sli-2\/\" rel=\"bookmark\">Lees verder &raquo;<span class=\"screen-reader-text\">cleadew SLi<\/span><\/a><\/p>\n","protected":false},"author":8,"featured_media":0,"parent":0,"menu_order":0,"comment_status":"closed","ping_status":"closed","template":"page-templates\/template-pagebuilder-full-width.php","meta":{"neve_meta_sidebar":"full-width","neve_meta_container":"default","neve_meta_enable_content_width":"on","neve_meta_content_width":100,"neve_meta_title_alignment":"","neve_meta_author_avatar":"","neve_post_elements_order":"","neve_meta_disable_header":"off","neve_meta_disable_footer":"off","neve_meta_disable_title":"off","footnotes":""},"class_list":["post-2329","page","type-page","status-publish","hentry"],"_links":{"self":[{"href":"https:\/\/ophtecs-europe.com\/index.php\/wp-json\/wp\/v2\/pages\/2329","targetHints":{"allow":["GET"]}}],"collection":[{"href":"https:\/\/ophtecs-europe.com\/index.php\/wp-json\/wp\/v2\/pages"}],"about":[{"href":"https:\/\/ophtecs-europe.com\/index.php\/wp-json\/wp\/v2\/types\/page"}],"author":[{"embeddable":true,"href":"https:\/\/ophtecs-europe.com\/index.php\/wp-json\/wp\/v2\/users\/8"}],"replies":[{"embeddable":true,"href":"https:\/\/ophtecs-europe.com\/index.php\/wp-json\/wp\/v2\/comments?post=2329"}],"version-history":[{"count":8,"href":"https:\/\/ophtecs-europe.com\/index.php\/wp-json\/wp\/v2\/pages\/2329\/revisions"}],"predecessor-version":[{"id":3009,"href":"https:\/\/ophtecs-europe.com\/index.php\/wp-json\/wp\/v2\/pages\/2329\/revisions\/3009"}],"wp:attachment":[{"href":"https:\/\/ophtecs-europe.com\/index.php\/wp-json\/wp\/v2\/media?parent=2329"}],"curies":[{"name":"wp","href":"https:\/\/api.w.org\/{rel}","templated":true}]}}